 {"id":4821,"date":"2021-04-22T17:01:43","date_gmt":"2021-04-22T15:01:43","guid":{"rendered":"http:\/\/www.cmparles.com\/?page_id=4821"},"modified":"2023-06-06T22:47:45","modified_gmt":"2023-06-06T20:47:45","slug":"mentions-legales","status":"publish","type":"page","link":"https:\/\/www.cmparles.com\/en\/mentions-legales\/","title":{"rendered":"Legal notice"},"content":{"rendered":"\t\t<div data-elementor-type=\"wp-page\" data-elementor-id=\"4821\" class=\"elementor elementor-4821\">\n\t\t\t\t\t\t<section class=\"elementor-section elementor-top-section elementor-element elementor-element-5c002cc1 elementor-section-boxed elementor-section-height-default elementor-section-height-default\" data-id=\"5c002cc1\" data-element_type=\"section\" data-e-type=\"section\">\n\t\t\t\t\t\t<div class=\"elementor-container elementor-column-gap-default\">\n\t\t\t\t\t<div class=\"elementor-column elementor-col-100 elementor-top-column elementor-element elementor-element-2bc5a962 elementor-invisible\" data-id=\"2bc5a962\" data-element_type=\"column\" data-e-type=\"column\" data-settings=\"{&quot;animation&quot;:&quot;fadeIn&quot;}\">\n\t\t\t<div class=\"elementor-widget-wrap elementor-element-populated\">\n\t\t\t\t\t\t<div class=\"elementor-element elementor-element-2617f306 elementor-widget elementor-widget-text-editor\" data-id=\"2617f306\" data-element_type=\"widget\" data-e-type=\"widget\" data-widget_type=\"text-editor.default\">\n\t\t\t\t<div class=\"elementor-widget-container\">\n\t\t\t\t\t\t\t\t\t<h1><span style=\"font-size: 62px;\">Mentions l\u00e9gales :<\/span><\/h1>\n<p><\/p>\n<p>L\u2019utilisation du site internet www.cmparles.com implique l\u2019acceptation pleine et enti\u00e8re par les utilisateurs des pr\u00e9sentes conditions g\u00e9n\u00e9rales d\u2019utilisation (soumises aux droit fran\u00e7ais et tribunaux comp\u00e9tents de Paris). Celles-ci sont susceptibles d\u2019\u00eatre modifi\u00e9es \u00e0 tout moment ; les utilisateurs du site www.cmparles.com sont donc invit\u00e9s \u00e0 les consulter de mani\u00e8re r\u00e9guli\u00e8re afin d\u2019en prendre connaissance.<\/p>\n<p><\/p>\n<h2 class=\"wp-block-heading\"><strong>1. Entit\u00e9 responsable du traitement des donn\u00e9es<\/strong><\/h2>\n<p><\/p>\n<p><strong>CMP Arles<br><\/strong>1 Rue Nicolas Copernic &#8211; ZI Nord &#8211; 13200 Arles<strong><br><\/strong>Siren : 401 405 717<br>T\u00e9l. : +33 (0)4 90 93 33 30<br>Courriel :&nbsp;<a href=\"mailto:contact@cmparles.com\">contact@cmparles.com<\/a><\/p>\n<p><\/p>\n<p><strong>Cr\u00e9ateur du site :<br><\/strong>SALLE Jules<br>IUT Arles &#8211; Rue Raoul Follereau &#8211; BP 90178<br>13637 ARLES CEDEX<br>T\u00e9l. : +33 (0)4 13 55 21 00<\/p>\n<p><\/p>\n<p><strong>H\u00e9bergeur<\/strong>&nbsp;:<br>BIZERRE<br>14 rue d&rsquo;albenas &#8211; 30000 NIMES<br>Courriel : contact[at]bizerre[point]fr<\/p>\n<p><\/p>\n<h2 class=\"wp-block-heading\"><strong>2. Propri\u00e9t\u00e9 intellectuelle :<\/strong><\/h2>\n<p><\/p>\n<p>La charte graphique, du site, le logo et les photos de l&rsquo;entreprise pr\u00e9sent\u00e9es sont prot\u00e9g\u00e9s par les dispositions du Code de la Propri\u00e9t\u00e9 Intellectuelle. Il ne peuvent \u00eatre reproduits, m\u00eame partiellement sans autorisation pr\u00e9alable.<\/p>\n<p><\/p>\n<h2 class=\"wp-block-heading\"><strong>3. Liens hypertexte :<\/strong><\/h2>\n<p><\/p>\n<p>Le site de la soci\u00e9t\u00e9 CMP Arles autorise la mise en place de liens hypertextes pointant vers son contenu.<br>Cette autorisation ne s\u2019applique pas aux sites internet diffusant des informations \u00e0 caract\u00e8re pol\u00e9mique, pornographique, x\u00e9nophobe ou pouvant, dans une plus large mesure porter atteinte \u00e0 la sensibilit\u00e9 du plus grand nombre.<\/p>\n<p><\/p>\n<h2 class=\"wp-block-heading\"><strong>4. Responsabilit\u00e9 :<\/strong><\/h2>\n<p><\/p>\n<p>Les informations communiqu\u00e9es sur le site internet www.cmparles.com sont fournies \u00e0 titre indicatif uniquement et sans garantie d\u2019aucune sorte, des erreurs et des omissions pouvant notamment survenir. Elles ne sauraient de ce fait engager la responsabilit\u00e9 de la soci\u00e9t\u00e9 CMP Arles. Elles peuvent \u00eatre modifi\u00e9es ou mises \u00e0 jour sans pr\u00e9avis.<br>Les liens hypertextes pointant vers d\u2019autres sites Internet n\u2019engagent pas la responsabilit\u00e9 de la soci\u00e9t\u00e9 quant \u00e0 leur contenu. CMP Arles n\u2019exer\u00e7ant aucun contr\u00f4le sur le contenu de site tiers.<br>La responsabilit\u00e9 de la soci\u00e9t\u00e9 CMP Arles ne saurait, plus g\u00e9n\u00e9ralement, \u00eatre mise en cause, pour tous dommages directs ou indirects, quelles qu\u2019en soient les causes, origines, nature ou cons\u00e9quences, provoqu\u00e9es \u00e0 raison de l\u2019acc\u00e8s de quiconque au site ou de l\u2019impossibilit\u00e9 d\u2019y acc\u00e9der.<\/p>\n<p><\/p>\n<h2 class=\"wp-block-heading\"><strong>5. Politique de confidentialit\u00e9 :<\/strong><\/h2>\n<p><\/p>\n<p>Se r\u00e9f\u00e9rer \u00e0 la&nbsp;<a href=\"\/cmparles\/politique-de-confidentialite\/\">page consacr\u00e9e \u00e0 ce sujet<\/a><\/p>\n<p><\/p>\t\t\t\t\t\t\t\t<\/div>\n\t\t\t\t<\/div>\n\t\t\t\t\t<\/div>\n\t\t<\/div>\n\t\t\t\t\t<\/div>\n\t\t<\/section>\n\t\t\t\t<\/div>\n\t\t","protected":false},"excerpt":{"rendered":"<p>Mentions l\u00e9gales : L\u2019utilisation du site internet www.cmparles.com implique l\u2019acceptation pleine et enti\u00e8re par les utilisateurs des pr\u00e9sentes conditions g\u00e9n\u00e9rales d\u2019utilisation (soumises aux droit fran\u00e7ais et tribunaux comp\u00e9tents de Paris). Celles-ci sont susceptibles d\u2019\u00eatre modifi\u00e9es \u00e0 tout moment ; les utilisateurs du site www.cmparles.com sont donc invit\u00e9s \u00e0 les consulter de mani\u00e8re r\u00e9guli\u00e8re afin d\u2019en [&hellip;]<\/p>\n","protected":false},"author":1,"featured_media":0,"parent":0,"menu_order":0,"comment_status":"closed","ping_status":"closed","template":"","meta":{"site-sidebar-layout":"default","site-content-layout":"default","ast-site-content-layout":"default","site-content-style":"default","site-sidebar-style":"default","ast-global-header-display":"","ast-banner-title-visibility":"","ast-main-header-display":"","ast-hfb-above-header-display":"","ast-hfb-below-header-display":"","ast-hfb-mobile-header-display":"","site-post-title":"","ast-breadcrumbs-content":"","ast-featured-img":"","footer-sml-layout":"","ast-disable-related-posts":"","theme-transparent-header-meta":"default","adv-header-id-meta":"","stick-header-meta":"","header-above-stick-meta":"","header-main-stick-meta":"","header-below-stick-meta":"","astra-migrate-meta-layouts":"default","ast-page-background-enabled":"default","ast-page-background-meta":{"desktop":{"background-color":"","background-image":"","background-repeat":"repeat","background-position":"center center","background-size":"auto","background-attachment":"scroll","background-type":"","background-media":"","overlay-type":"","overlay-color":"","overlay-opacity":"","overlay-gradient":""},"tablet":{"background-color":"","background-image":"","background-repeat":"repeat","background-position":"center center","background-size":"auto","background-attachment":"scroll","background-type":"","background-media":"","overlay-type":"","overlay-color":"","overlay-opacity":"","overlay-gradient":""},"mobile":{"background-color":"","background-image":"","background-repeat":"repeat","background-position":"center center","background-size":"auto","background-attachment":"scroll","background-type":"","background-media":"","overlay-type":"","overlay-color":"","overlay-opacity":"","overlay-gradient":""}},"ast-content-background-meta":{"desktop":{"background-color":"var(--ast-global-color-5)","background-image":"","background-repeat":"repeat","background-position":"center center","background-size":"auto","background-attachment":"scroll","background-type":"","background-media":"","overlay-type":"","overlay-color":"","overlay-opacity":"","overlay-gradient":""},"tablet":{"background-color":"var(--ast-global-color-5)","background-image":"","background-repeat":"repeat","background-position":"center center","background-size":"auto","background-attachment":"scroll","background-type":"","background-media":"","overlay-type":"","overlay-color":"","overlay-opacity":"","overlay-gradient":""},"mobile":{"background-color":"var(--ast-global-color-5)","background-image":"","background-repeat":"repeat","background-position":"center center","background-size":"auto","background-attachment":"scroll","background-type":"","background-media":"","overlay-type":"","overlay-color":"","overlay-opacity":"","overlay-gradient":""}},"footnotes":""},"class_list":["post-4821","page","type-page","status-publish","hentry"],"yoast_head":"<!-- This site is optimized with the Yoast SEO plugin v27.6 - https:\/\/yoast.com\/product\/yoast-seo-wordpress\/ -->\n<title>Mentions l\u00e9gales - CMP Arles<\/title>\n<meta name=\"robots\" content=\"index, follow, max-snippet:-1, max-image-preview:large, max-video-preview:-1\" \/>\n<link rel=\"canonical\" href=\"https:\/\/www.cmparles.com\/en\/mentions-legales\/\" \/>\n<meta property=\"og:locale\" content=\"en_US\" \/>\n<meta property=\"og:type\" content=\"article\" \/>\n<meta property=\"og:title\" content=\"Mentions l\u00e9gales - CMP Arles\" \/>\n<meta property=\"og:description\" content=\"Mentions l\u00e9gales : L\u2019utilisation du site internet www.cmparles.com implique l\u2019acceptation pleine et enti\u00e8re par les utilisateurs des pr\u00e9sentes conditions g\u00e9n\u00e9rales d\u2019utilisation (soumises aux droit fran\u00e7ais et tribunaux comp\u00e9tents de Paris). Celles-ci sont susceptibles d\u2019\u00eatre modifi\u00e9es \u00e0 tout moment ; les utilisateurs du site www.cmparles.com sont donc invit\u00e9s \u00e0 les consulter de mani\u00e8re r\u00e9guli\u00e8re afin d\u2019en [&hellip;]\" \/>\n<meta property=\"og:url\" content=\"https:\/\/www.cmparles.com\/en\/mentions-legales\/\" \/>\n<meta property=\"og:site_name\" content=\"CMP Arles\" \/>\n<meta property=\"article:modified_time\" content=\"2023-06-06T20:47:45+00:00\" \/>\n<meta name=\"twitter:card\" content=\"summary_large_image\" \/>\n<meta name=\"twitter:label1\" content=\"Est. reading time\" \/>\n\t<meta name=\"twitter:data1\" content=\"2 minutes\" \/>\n<script type=\"application\/ld+json\" class=\"yoast-schema-graph\">{\"@context\":\"https:\\\/\\\/schema.org\",\"@graph\":[{\"@type\":\"WebPage\",\"@id\":\"https:\\\/\\\/www.cmparles.com\\\/mentions-legales\\\/\",\"url\":\"https:\\\/\\\/www.cmparles.com\\\/mentions-legales\\\/\",\"name\":\"Mentions l\u00e9gales - CMP Arles\",\"isPartOf\":{\"@id\":\"https:\\\/\\\/www.cmparles.com\\\/#website\"},\"datePublished\":\"2021-04-22T15:01:43+00:00\",\"dateModified\":\"2023-06-06T20:47:45+00:00\",\"breadcrumb\":{\"@id\":\"https:\\\/\\\/www.cmparles.com\\\/mentions-legales\\\/#breadcrumb\"},\"inLanguage\":\"en-US\",\"potentialAction\":[{\"@type\":\"ReadAction\",\"target\":[\"https:\\\/\\\/www.cmparles.com\\\/mentions-legales\\\/\"]}]},{\"@type\":\"BreadcrumbList\",\"@id\":\"https:\\\/\\\/www.cmparles.com\\\/mentions-legales\\\/#breadcrumb\",\"itemListElement\":[{\"@type\":\"ListItem\",\"position\":1,\"name\":\"Accueil\",\"item\":\"https:\\\/\\\/www.cmparles.com\\\/\"},{\"@type\":\"ListItem\",\"position\":2,\"name\":\"Mentions l\u00e9gales\"}]},{\"@type\":\"WebSite\",\"@id\":\"https:\\\/\\\/www.cmparles.com\\\/#website\",\"url\":\"https:\\\/\\\/www.cmparles.com\\\/\",\"name\":\"CMP Arles\",\"description\":\"Chaudronnerie industrielle, chaudronnerie lourde, constructeur charpente metallique, construction batiment industriel paca, assemblage charpente metallique, atelier usinage, usinage industriel\",\"publisher\":{\"@id\":\"https:\\\/\\\/www.cmparles.com\\\/#organization\"},\"potentialAction\":[{\"@type\":\"SearchAction\",\"target\":{\"@type\":\"EntryPoint\",\"urlTemplate\":\"https:\\\/\\\/www.cmparles.com\\\/?s={search_term_string}\"},\"query-input\":{\"@type\":\"PropertyValueSpecification\",\"valueRequired\":true,\"valueName\":\"search_term_string\"}}],\"inLanguage\":\"en-US\"},{\"@type\":\"Organization\",\"@id\":\"https:\\\/\\\/www.cmparles.com\\\/#organization\",\"name\":\"CMP Arles\",\"url\":\"https:\\\/\\\/www.cmparles.com\\\/\",\"logo\":{\"@type\":\"ImageObject\",\"inLanguage\":\"en-US\",\"@id\":\"https:\\\/\\\/www.cmparles.com\\\/#\\\/schema\\\/logo\\\/image\\\/\",\"url\":\"https:\\\/\\\/www.cmparles.com\\\/wp-content\\\/uploads\\\/2021\\\/05\\\/cropped-favicon.png\",\"contentUrl\":\"https:\\\/\\\/www.cmparles.com\\\/wp-content\\\/uploads\\\/2021\\\/05\\\/cropped-favicon.png\",\"width\":512,\"height\":512,\"caption\":\"CMP Arles\"},\"image\":{\"@id\":\"https:\\\/\\\/www.cmparles.com\\\/#\\\/schema\\\/logo\\\/image\\\/\"}}]}<\/script>\n<!-- \/ Yoast SEO plugin. -->","yoast_head_json":{"title":"Mentions l\u00e9gales - CMP Arles","robots":{"index":"index","follow":"follow","max-snippet":"max-snippet:-1","max-image-preview":"max-image-preview:large","max-video-preview":"max-video-preview:-1"},"canonical":"https:\/\/www.cmparles.com\/en\/mentions-legales\/","og_locale":"en_US","og_type":"article","og_title":"Mentions l\u00e9gales - CMP Arles","og_description":"Mentions l\u00e9gales : L\u2019utilisation du site internet www.cmparles.com implique l\u2019acceptation pleine et enti\u00e8re par les utilisateurs des pr\u00e9sentes conditions g\u00e9n\u00e9rales d\u2019utilisation (soumises aux droit fran\u00e7ais et tribunaux comp\u00e9tents de Paris). Celles-ci sont susceptibles d\u2019\u00eatre modifi\u00e9es \u00e0 tout moment ; les utilisateurs du site www.cmparles.com sont donc invit\u00e9s \u00e0 les consulter de mani\u00e8re r\u00e9guli\u00e8re afin d\u2019en [&hellip;]","og_url":"https:\/\/www.cmparles.com\/en\/mentions-legales\/","og_site_name":"CMP Arles","article_modified_time":"2023-06-06T20:47:45+00:00","twitter_card":"summary_large_image","twitter_misc":{"Est. reading time":"2 minutes"},"schema":{"@context":"https:\/\/schema.org","@graph":[{"@type":"WebPage","@id":"https:\/\/www.cmparles.com\/mentions-legales\/","url":"https:\/\/www.cmparles.com\/mentions-legales\/","name":"Mentions l\u00e9gales - CMP Arles","isPartOf":{"@id":"https:\/\/www.cmparles.com\/#website"},"datePublished":"2021-04-22T15:01:43+00:00","dateModified":"2023-06-06T20:47:45+00:00","breadcrumb":{"@id":"https:\/\/www.cmparles.com\/mentions-legales\/#breadcrumb"},"inLanguage":"en-US","potentialAction":[{"@type":"ReadAction","target":["https:\/\/www.cmparles.com\/mentions-legales\/"]}]},{"@type":"BreadcrumbList","@id":"https:\/\/www.cmparles.com\/mentions-legales\/#breadcrumb","itemListElement":[{"@type":"ListItem","position":1,"name":"Accueil","item":"https:\/\/www.cmparles.com\/"},{"@type":"ListItem","position":2,"name":"Mentions l\u00e9gales"}]},{"@type":"WebSite","@id":"https:\/\/www.cmparles.com\/#website","url":"https:\/\/www.cmparles.com\/","name":"CMP Arles","description":"Chaudronnerie industrielle, chaudronnerie lourde, constructeur charpente metallique, construction batiment industriel paca, assemblage charpente metallique, atelier usinage, usinage industriel","publisher":{"@id":"https:\/\/www.cmparles.com\/#organization"},"potentialAction":[{"@type":"SearchAction","target":{"@type":"EntryPoint","urlTemplate":"https:\/\/www.cmparles.com\/?s={search_term_string}"},"query-input":{"@type":"PropertyValueSpecification","valueRequired":true,"valueName":"search_term_string"}}],"inLanguage":"en-US"},{"@type":"Organization","@id":"https:\/\/www.cmparles.com\/#organization","name":"CMP Arles","url":"https:\/\/www.cmparles.com\/","logo":{"@type":"ImageObject","inLanguage":"en-US","@id":"https:\/\/www.cmparles.com\/#\/schema\/logo\/image\/","url":"https:\/\/www.cmparles.com\/wp-content\/uploads\/2021\/05\/cropped-favicon.png","contentUrl":"https:\/\/www.cmparles.com\/wp-content\/uploads\/2021\/05\/cropped-favicon.png","width":512,"height":512,"caption":"CMP Arles"},"image":{"@id":"https:\/\/www.cmparles.com\/#\/schema\/logo\/image\/"}}]}},"_links":{"self":[{"href":"https:\/\/www.cmparles.com\/en\/wp-json\/wp\/v2\/pages\/4821","targetHints":{"allow":["GET"]}}],"collection":[{"href":"https:\/\/www.cmparles.com\/en\/wp-json\/wp\/v2\/pages"}],"about":[{"href":"https:\/\/www.cmparles.com\/en\/wp-json\/wp\/v2\/types\/page"}],"author":[{"embeddable":true,"href":"https:\/\/www.cmparles.com\/en\/wp-json\/wp\/v2\/users\/1"}],"replies":[{"embeddable":true,"href":"https:\/\/www.cmparles.com\/en\/wp-json\/wp\/v2\/comments?post=4821"}],"version-history":[{"count":5,"href":"https:\/\/www.cmparles.com\/en\/wp-json\/wp\/v2\/pages\/4821\/revisions"}],"predecessor-version":[{"id":707003,"href":"https:\/\/www.cmparles.com\/en\/wp-json\/wp\/v2\/pages\/4821\/revisions\/707003"}],"wp:attachment":[{"href":"https:\/\/www.cmparles.com\/en\/wp-json\/wp\/v2\/media?parent=4821"}],"curies":[{"name":"wp","href":"https:\/\/api.w.org\/{rel}","templated":true}]}}