 {"id":3,"date":"2021-04-06T09:20:50","date_gmt":"2021-04-06T07:20:50","guid":{"rendered":"http:\/\/www.cmparles.com\/?page_id=3"},"modified":"2021-06-04T09:39:44","modified_gmt":"2021-06-04T07:39:44","slug":"politique-de-confidentialite","status":"publish","type":"page","link":"https:\/\/www.cmparles.com\/en\/politique-de-confidentialite\/","title":{"rendered":"Privacy policy"},"content":{"rendered":"<div data-elementor-type=\"wp-page\" data-elementor-id=\"3\" class=\"elementor elementor-3\">\n\t\t\t\t\t\t<section class=\"elementor-section elementor-top-section elementor-element elementor-element-6e692cad elementor-section-boxed elementor-section-height-default elementor-section-height-default\" data-id=\"6e692cad\" data-element_type=\"section\" data-e-type=\"section\">\n\t\t\t\t\t\t<div class=\"elementor-container elementor-column-gap-default\">\n\t\t\t\t\t<div class=\"elementor-column elementor-col-100 elementor-top-column elementor-element elementor-element-4b710fda elementor-invisible\" data-id=\"4b710fda\" data-element_type=\"column\" data-e-type=\"column\" data-settings=\"{&quot;animation&quot;:&quot;fadeIn&quot;}\">\n\t\t\t<div class=\"elementor-widget-wrap elementor-element-populated\">\n\t\t\t\t\t\t<div class=\"elementor-element elementor-element-1588ff87 elementor-widget elementor-widget-text-editor\" data-id=\"1588ff87\" data-element_type=\"widget\" data-e-type=\"widget\" data-widget_type=\"text-editor.default\">\n\t\t\t\t<div class=\"elementor-widget-container\">\n\t\t\t\t\t\t\t\t\t<h1><span style=\"font-size: 62px;\">Privacy policy :<\/span><\/h1>\n\n<p>Welcome to www.cmparles.com.<\/p>\n<p>By submitting personal data on our website, you authorize us to use all of this information on your behalf and in accordance with this Data Protection Policy.<\/p>\n\n<h2 class=\"wp-block-heading\"><strong>1. Entity responsible for data processing<\/strong><\/h2>\n\n<p>CMP Arles :<br \/>1 Rue Nicolas Copernic &#8211; Z.I Nord &#8211; 13200 Arles<br \/>Siren : 401 405 717<\/p>\n\n<p>CMP Arles is committed to processing and protecting personal data received through www.cmparles.com in accordance with applicable regulations.<\/p>\n\n<h2 class=\"wp-block-heading\"><strong>2.Information Gathering<\/strong><\/h2>\n\n<p>We collect personal information collected as part of a contact. The information collected includes your name, email address, phone number, company and message.<\/p>\n\n<p>In addition, we automatically receive and store information from your computer and browser, including your IP address and the page you request.<\/p>\n\n<h2 class=\"wp-block-heading\"><strong>3. Use Of Information<\/strong><\/h2>\n\n<p>Any information we collect from you may be used to :<\/p>\n\n<ul class=\"wp-block-list\">\n<li>Customize your experience and meet your individual needs<\/li>\n<li>Improve this site<\/li>\n<li>Improve customer service and your support needs<\/li>\n<li>Contact you by email<\/li>\n<\/ul>\n\n<h2 class=\"wp-block-heading\"><strong>4. Disclosure To Third Parties<\/strong><\/h2>\n\n<p>We do not sell, exchange or transfer your personally identifiable information to third parties. This does not include trusted third parties who help us operate our website or conduct our business, as long as these parties agree to keep this information confidential.<\/p>\n\n<h2 class=\"wp-block-heading\"><strong>5. Protection Of Information<\/strong><\/h2>\n\n<p>We implement a variety of security measures to protect the security of your personal information. We use state-of-the-art encryption to protect sensitive information transmitted online. We also protect your information offline. Only employees who need to perform specific work (for example, billing or customer service) have access to personally identifiable information. Computers and servers used to store personally identifiable information are stored in a secure environment.<\/p>\n\n<h2 class=\"wp-block-heading\"><strong>6. Use of Cookies<\/strong><\/h2>\n\n<p>In order to offer a good user experience to users visiting our site and to allow the use of certain functions, we use cookies on certain pages. A cookie is a file that allows you to save information about your computer\u2019s browsing on the website (e.g., number of visits, number of page views, etc.) and in particular to facilitate your visits to the website.<\/p>\n\n<p>You can at any time delete the \"cookies\" installed on your computer, object to the registration of new \"cookies\" and receive a notification before the installation of a new cookie by configuring your browser tool.<\/p>\n\n<p>Our cookies improve access to our website and identify regular visitors. They also improve the user experience by tracking and targeting their interests.<\/p>\n\n<h2 class=\"wp-block-heading\"><strong>7. Consent<\/strong><\/h2>\n\n<p>By using our site, you consent to our privacy policy.<\/p>\n\n<h2 class=\"wp-block-heading\"><strong>8. Security<\/strong><\/h2>\n\n<p>Your personal data is hosted by servers that are secure and we do our utmost to ensure its protection. However, even though the cmparles.com website uses the https protocol to encrypt the data exchanged, the Internet remains an open system, CMP Arles cannot therefore guarantee the security of the information you transmit to us via the Internet and disclaims any liability in case of illegitimate or fraudulent use by an unauthorized third party.<\/p>\n\n<p><a href=\"#top\">\u00a0<\/a><\/p>\t\t\t\t\t\t\t\t<\/div>\n\t\t\t\t<\/div>\n\t\t\t\t\t<\/div>\n\t\t<\/div>\n\t\t\t\t\t<\/div>\n\t\t<\/section>\n\t\t\t\t<\/div>","protected":false},"excerpt":{"rendered":"<p>Politique de confidentialit\u00e9 : Bienvenue sur le site internet www.cmparles.com. En d\u00e9posant des donn\u00e9es personnelles sur notre site, vous nous autorisez \u00e0 utiliser l\u2019ensemble de ces informations en votre nom et en accord de la pr\u00e9sente Politique de Protection des donn\u00e9es. 1. Entit\u00e9 responsable du traitement des donn\u00e9es CMP Arles :1 Rue Nicolas Copernic &#8211; [&hellip;]<\/p>\n","protected":false},"author":1,"featured_media":0,"parent":0,"menu_order":0,"comment_status":"closed","ping_status":"closed","template":"","meta":{"site-sidebar-layout":"default","site-content-layout":"default","ast-site-content-layout":"default","site-content-style":"default","site-sidebar-style":"default","ast-global-header-display":"","ast-banner-title-visibility":"","ast-main-header-display":"","ast-hfb-above-header-display":"","ast-hfb-below-header-display":"","ast-hfb-mobile-header-display":"","site-post-title":"","ast-breadcrumbs-content":"","ast-featured-img":"","footer-sml-layout":"","ast-disable-related-posts":"","theme-transparent-header-meta":"default","adv-header-id-meta":"","stick-header-meta":"","header-above-stick-meta":"","header-main-stick-meta":"","header-below-stick-meta":"","astra-migrate-meta-layouts":"default","ast-page-background-enabled":"default","ast-page-background-meta":{"desktop":{"background-color":"","background-image":"","background-repeat":"repeat","background-position":"center center","background-size":"auto","background-attachment":"scroll","background-type":"","background-media":"","overlay-type":"","overlay-color":"","overlay-opacity":"","overlay-gradient":""},"tablet":{"background-color":"","background-image":"","background-repeat":"repeat","background-position":"center center","background-size":"auto","background-attachment":"scroll","background-type":"","background-media":"","overlay-type":"","overlay-color":"","overlay-opacity":"","overlay-gradient":""},"mobile":{"background-color":"","background-image":"","background-repeat":"repeat","background-position":"center center","background-size":"auto","background-attachment":"scroll","background-type":"","background-media":"","overlay-type":"","overlay-color":"","overlay-opacity":"","overlay-gradient":""}},"ast-content-background-meta":{"desktop":{"background-color":"var(--ast-global-color-5)","background-image":"","background-repeat":"repeat","background-position":"center center","background-size":"auto","background-attachment":"scroll","background-type":"","background-media":"","overlay-type":"","overlay-color":"","overlay-opacity":"","overlay-gradient":""},"tablet":{"background-color":"var(--ast-global-color-5)","background-image":"","background-repeat":"repeat","background-position":"center center","background-size":"auto","background-attachment":"scroll","background-type":"","background-media":"","overlay-type":"","overlay-color":"","overlay-opacity":"","overlay-gradient":""},"mobile":{"background-color":"var(--ast-global-color-5)","background-image":"","background-repeat":"repeat","background-position":"center center","background-size":"auto","background-attachment":"scroll","background-type":"","background-media":"","overlay-type":"","overlay-color":"","overlay-opacity":"","overlay-gradient":""}},"footnotes":""},"class_list":["post-3","page","type-page","status-publish","hentry"],"yoast_head":"<!-- This site is optimized with the Yoast SEO plugin v27.6 - https:\/\/yoast.com\/product\/yoast-seo-wordpress\/ -->\n<title>Politique de confidentialit\u00e9 - CMP Arles<\/title>\n<meta name=\"robots\" content=\"index, follow, max-snippet:-1, max-image-preview:large, max-video-preview:-1\" \/>\n<link rel=\"canonical\" href=\"https:\/\/www.cmparles.com\/en\/politique-de-confidentialite\/\" \/>\n<meta property=\"og:locale\" content=\"en_US\" \/>\n<meta property=\"og:type\" content=\"article\" \/>\n<meta property=\"og:title\" content=\"Politique de confidentialit\u00e9 - CMP Arles\" \/>\n<meta property=\"og:description\" content=\"Politique de confidentialit\u00e9 : Bienvenue sur le site internet www.cmparles.com. En d\u00e9posant des donn\u00e9es personnelles sur notre site, vous nous autorisez \u00e0 utiliser l\u2019ensemble de ces informations en votre nom et en accord de la pr\u00e9sente Politique de Protection des donn\u00e9es. 1. Entit\u00e9 responsable du traitement des donn\u00e9es CMP Arles :1 Rue Nicolas Copernic &#8211; [&hellip;]\" \/>\n<meta property=\"og:url\" content=\"https:\/\/www.cmparles.com\/en\/politique-de-confidentialite\/\" \/>\n<meta property=\"og:site_name\" content=\"CMP Arles\" \/>\n<meta property=\"article:modified_time\" content=\"2021-06-04T07:39:44+00:00\" \/>\n<meta name=\"twitter:card\" content=\"summary_large_image\" \/>\n<meta name=\"twitter:label1\" content=\"Est. reading time\" \/>\n\t<meta name=\"twitter:data1\" content=\"3 minutes\" \/>\n<script type=\"application\/ld+json\" class=\"yoast-schema-graph\">{\"@context\":\"https:\\\/\\\/schema.org\",\"@graph\":[{\"@type\":\"WebPage\",\"@id\":\"https:\\\/\\\/www.cmparles.com\\\/politique-de-confidentialite\\\/\",\"url\":\"https:\\\/\\\/www.cmparles.com\\\/politique-de-confidentialite\\\/\",\"name\":\"Politique de confidentialit\u00e9 - CMP Arles\",\"isPartOf\":{\"@id\":\"https:\\\/\\\/www.cmparles.com\\\/#website\"},\"datePublished\":\"2021-04-06T07:20:50+00:00\",\"dateModified\":\"2021-06-04T07:39:44+00:00\",\"breadcrumb\":{\"@id\":\"https:\\\/\\\/www.cmparles.com\\\/politique-de-confidentialite\\\/#breadcrumb\"},\"inLanguage\":\"en-US\",\"potentialAction\":[{\"@type\":\"ReadAction\",\"target\":[\"https:\\\/\\\/www.cmparles.com\\\/politique-de-confidentialite\\\/\"]}]},{\"@type\":\"BreadcrumbList\",\"@id\":\"https:\\\/\\\/www.cmparles.com\\\/politique-de-confidentialite\\\/#breadcrumb\",\"itemListElement\":[{\"@type\":\"ListItem\",\"position\":1,\"name\":\"Accueil\",\"item\":\"https:\\\/\\\/www.cmparles.com\\\/\"},{\"@type\":\"ListItem\",\"position\":2,\"name\":\"Politique de confidentialit\u00e9\"}]},{\"@type\":\"WebSite\",\"@id\":\"https:\\\/\\\/www.cmparles.com\\\/#website\",\"url\":\"https:\\\/\\\/www.cmparles.com\\\/\",\"name\":\"CMP Arles\",\"description\":\"Chaudronnerie industrielle, chaudronnerie lourde, constructeur charpente metallique, construction batiment industriel paca, assemblage charpente metallique, atelier usinage, usinage industriel\",\"publisher\":{\"@id\":\"https:\\\/\\\/www.cmparles.com\\\/#organization\"},\"potentialAction\":[{\"@type\":\"SearchAction\",\"target\":{\"@type\":\"EntryPoint\",\"urlTemplate\":\"https:\\\/\\\/www.cmparles.com\\\/?s={search_term_string}\"},\"query-input\":{\"@type\":\"PropertyValueSpecification\",\"valueRequired\":true,\"valueName\":\"search_term_string\"}}],\"inLanguage\":\"en-US\"},{\"@type\":\"Organization\",\"@id\":\"https:\\\/\\\/www.cmparles.com\\\/#organization\",\"name\":\"CMP Arles\",\"url\":\"https:\\\/\\\/www.cmparles.com\\\/\",\"logo\":{\"@type\":\"ImageObject\",\"inLanguage\":\"en-US\",\"@id\":\"https:\\\/\\\/www.cmparles.com\\\/#\\\/schema\\\/logo\\\/image\\\/\",\"url\":\"https:\\\/\\\/www.cmparles.com\\\/wp-content\\\/uploads\\\/2021\\\/05\\\/cropped-favicon.png\",\"contentUrl\":\"https:\\\/\\\/www.cmparles.com\\\/wp-content\\\/uploads\\\/2021\\\/05\\\/cropped-favicon.png\",\"width\":512,\"height\":512,\"caption\":\"CMP Arles\"},\"image\":{\"@id\":\"https:\\\/\\\/www.cmparles.com\\\/#\\\/schema\\\/logo\\\/image\\\/\"}}]}<\/script>\n<!-- \/ Yoast SEO plugin. -->","yoast_head_json":{"title":"Politique de confidentialit\u00e9 - CMP Arles","robots":{"index":"index","follow":"follow","max-snippet":"max-snippet:-1","max-image-preview":"max-image-preview:large","max-video-preview":"max-video-preview:-1"},"canonical":"https:\/\/www.cmparles.com\/en\/politique-de-confidentialite\/","og_locale":"en_US","og_type":"article","og_title":"Politique de confidentialit\u00e9 - CMP Arles","og_description":"Politique de confidentialit\u00e9 : Bienvenue sur le site internet www.cmparles.com. En d\u00e9posant des donn\u00e9es personnelles sur notre site, vous nous autorisez \u00e0 utiliser l\u2019ensemble de ces informations en votre nom et en accord de la pr\u00e9sente Politique de Protection des donn\u00e9es. 1. Entit\u00e9 responsable du traitement des donn\u00e9es CMP Arles :1 Rue Nicolas Copernic &#8211; [&hellip;]","og_url":"https:\/\/www.cmparles.com\/en\/politique-de-confidentialite\/","og_site_name":"CMP Arles","article_modified_time":"2021-06-04T07:39:44+00:00","twitter_card":"summary_large_image","twitter_misc":{"Est. reading time":"3 minutes"},"schema":{"@context":"https:\/\/schema.org","@graph":[{"@type":"WebPage","@id":"https:\/\/www.cmparles.com\/politique-de-confidentialite\/","url":"https:\/\/www.cmparles.com\/politique-de-confidentialite\/","name":"Politique de confidentialit\u00e9 - CMP Arles","isPartOf":{"@id":"https:\/\/www.cmparles.com\/#website"},"datePublished":"2021-04-06T07:20:50+00:00","dateModified":"2021-06-04T07:39:44+00:00","breadcrumb":{"@id":"https:\/\/www.cmparles.com\/politique-de-confidentialite\/#breadcrumb"},"inLanguage":"en-US","potentialAction":[{"@type":"ReadAction","target":["https:\/\/www.cmparles.com\/politique-de-confidentialite\/"]}]},{"@type":"BreadcrumbList","@id":"https:\/\/www.cmparles.com\/politique-de-confidentialite\/#breadcrumb","itemListElement":[{"@type":"ListItem","position":1,"name":"Accueil","item":"https:\/\/www.cmparles.com\/"},{"@type":"ListItem","position":2,"name":"Politique de confidentialit\u00e9"}]},{"@type":"WebSite","@id":"https:\/\/www.cmparles.com\/#website","url":"https:\/\/www.cmparles.com\/","name":"CMP Arles","description":"Chaudronnerie industrielle, chaudronnerie lourde, constructeur charpente metallique, construction batiment industriel paca, assemblage charpente metallique, atelier usinage, usinage industriel","publisher":{"@id":"https:\/\/www.cmparles.com\/#organization"},"potentialAction":[{"@type":"SearchAction","target":{"@type":"EntryPoint","urlTemplate":"https:\/\/www.cmparles.com\/?s={search_term_string}"},"query-input":{"@type":"PropertyValueSpecification","valueRequired":true,"valueName":"search_term_string"}}],"inLanguage":"en-US"},{"@type":"Organization","@id":"https:\/\/www.cmparles.com\/#organization","name":"CMP Arles","url":"https:\/\/www.cmparles.com\/","logo":{"@type":"ImageObject","inLanguage":"en-US","@id":"https:\/\/www.cmparles.com\/#\/schema\/logo\/image\/","url":"https:\/\/www.cmparles.com\/wp-content\/uploads\/2021\/05\/cropped-favicon.png","contentUrl":"https:\/\/www.cmparles.com\/wp-content\/uploads\/2021\/05\/cropped-favicon.png","width":512,"height":512,"caption":"CMP Arles"},"image":{"@id":"https:\/\/www.cmparles.com\/#\/schema\/logo\/image\/"}}]}},"_links":{"self":[{"href":"https:\/\/www.cmparles.com\/en\/wp-json\/wp\/v2\/pages\/3","targetHints":{"allow":["GET"]}}],"collection":[{"href":"https:\/\/www.cmparles.com\/en\/wp-json\/wp\/v2\/pages"}],"about":[{"href":"https:\/\/www.cmparles.com\/en\/wp-json\/wp\/v2\/types\/page"}],"author":[{"embeddable":true,"href":"https:\/\/www.cmparles.com\/en\/wp-json\/wp\/v2\/users\/1"}],"replies":[{"embeddable":true,"href":"https:\/\/www.cmparles.com\/en\/wp-json\/wp\/v2\/comments?post=3"}],"version-history":[{"count":3,"href":"https:\/\/www.cmparles.com\/en\/wp-json\/wp\/v2\/pages\/3\/revisions"}],"predecessor-version":[{"id":53067,"href":"https:\/\/www.cmparles.com\/en\/wp-json\/wp\/v2\/pages\/3\/revisions\/53067"}],"wp:attachment":[{"href":"https:\/\/www.cmparles.com\/en\/wp-json\/wp\/v2\/media?parent=3"}],"curies":[{"name":"wp","href":"https:\/\/api.w.org\/{rel}","templated":true}]}}